{"id":2316,"date":"2024-06-01T17:09:44","date_gmt":"2024-06-01T17:09:44","guid":{"rendered":"https:\/\/www.inktenzastudio.com\/?page_id=2316"},"modified":"2025-02-06T08:53:21","modified_gmt":"2025-02-06T08:53:21","slug":"joyeria-piercing-barcelona","status":"publish","type":"page","link":"https:\/\/www.inktenzastudio.com\/en\/joyeria-piercing-barcelona\/","title":{"rendered":"JOYER\u00cdA PIERCING BARCELONA"},"content":{"rendered":"<p><a href=\"https:\/\/www.inktenzastudio.com\/\"><br \/>\n\t\t\t\t\t\t\t<img decoding=\"async\" width=\"150\" height=\"150\" src=\"http:\/\/www.inktenzastudio.com\/wp-content\/uploads\/2024\/01\/Diseno-sin-titulo-13-150x150.png\" alt=\"\" srcset=\"https:\/\/www.inktenzastudio.com\/wp-content\/uploads\/2024\/01\/Diseno-sin-titulo-13-150x150.png 150w, https:\/\/www.inktenzastudio.com\/wp-content\/uploads\/2024\/01\/Diseno-sin-titulo-13-300x300.png 300w, https:\/\/www.inktenzastudio.com\/wp-content\/uploads\/2024\/01\/Diseno-sin-titulo-13.png 750w\" sizes=\"(max-width: 150px) 100vw, 150px\" \/>\t\t\t\t\t\t\t\t<\/a><br \/>\n\t\t\t            <button  type=\"button\" aria-label=\"hamburger-icon\"><br \/>\n                            <\/button><\/p>\n<ul id=\"menu-inicio-2\">\n<li data-vertical-menu=750px><a href=\"https:\/\/www.inktenzastudio.com\/\">Inicio<\/a><\/li>\n<li data-vertical-menu=750px><a href=\"https:\/\/www.inktenzastudio.com\/servicios\/\">Servicios<\/a>\n<ul>\n<li data-vertical-menu=750px><a href=\"https:\/\/www.inktenzastudio.com\/micropigmentacion-capilar-barcelona\/\">Micropigmentaci\u00f3n capilar<\/a>\n<li data-vertical-menu=750px><a href=\"https:\/\/www.inktenzastudio.com\/joyeria-piercing-barcelona\/\">Joyer\u00eda piercing<\/a>\n<li data-vertical-menu=750px><a href=\"https:\/\/www.inktenzastudio.com\/tatuajes-madre-e-hija\/\">Tatuajes Madre e Hija<\/a>\n<li data-vertical-menu=750px><a href=\"https:\/\/www.inktenzastudio.com\/tatuajes-en-pareja\/\">Tatuajes en Pareja<\/a><\/ul>\n<\/li>\n<li data-vertical-menu=750px><a href=\"https:\/\/www.inktenzastudio.com\/proyecto\/\">Estilos<\/a>\n<ul>\n<li data-vertical-menu=750px><a href=\"https:\/\/www.inktenzastudio.com\/tatuajes-minimalistas-barcelona-2\/\">Minimalista<\/a>\n<li data-vertical-menu=750px><a href=\"https:\/\/www.inktenzastudio.com\/tatuaje-acuarela-barcelona\/\">Acuarela<\/a>\n<li data-vertical-menu=750px><a href=\"https:\/\/www.inktenzastudio.com\/tatuajes-anime-barcelona\/\">Anime<\/a>\n<li data-vertical-menu=750px><a href=\"https:\/\/www.inktenzastudio.com\/tatuajes-cover-barcelona\/\">Cover<\/a>\n<li data-vertical-menu=750px><a href=\"https:\/\/www.inktenzastudio.com\/tatuajes-fine-line-barcelona\/\">Fine line<\/a>\n<li data-vertical-menu=750px><a href=\"https:\/\/www.inktenzastudio.com\/tatuajes-realistas-barcelona\/\">Surrealismo a color<\/a>\n<li data-vertical-menu=750px><a href=\"https:\/\/www.inktenzastudio.com\/tatuajes-realistas-barcelona\/\">Surrealismo Black &#038; Grey<\/a>\n<li data-vertical-menu=750px><a href=\"https:\/\/www.inktenzastudio.com\/tatuajes-geometricos-barcelona\/\">Ornamental<\/a>\n<li data-vertical-menu=750px><a href=\"https:\/\/www.inktenzastudio.com\/tatuajes-realismo-barcelona\/\">Realismo Black &#038; Grey<\/a><\/ul>\n<\/li>\n<li data-vertical-menu=750px><a href=\"#\">Dise\u00f1os<\/a>\n<ul>\n<li data-vertical-menu=750px><a href=\"https:\/\/www.inktenzastudio.com\/disenos-tatuajes-pierna\/\">Piernas<\/a>\n<li data-vertical-menu=750px><a href=\"https:\/\/www.inktenzastudio.com\/disenos-de-tatuajes-en-el-brazo\/\">Brazos<\/a>\n<li data-vertical-menu=750px><a href=\"https:\/\/www.inktenzastudio.com\/diseno-de-tatuajes-en-la-mano\/\">Manos<\/a><\/ul>\n<\/li>\n<li data-vertical-menu=750px><a href=\"https:\/\/www.inktenzastudio.com\/sobre-nosotros\/\">Trabaja con Nosotros<\/a><\/li>\n<li data-vertical-menu=750px><a href=\"https:\/\/www.inktenzastudio.com\/blog\/\">Blog<\/a><\/li>\n<li data-vertical-menu=750px><a href=\"https:\/\/www.inktenzastudio.com\/contacto\/\">Contacto<\/a><\/li>\n<\/ul>\n<p><button type=\"button\">X<\/button>\t\t\t<\/p>\n<ul>\n<li>\n\t\t\t\t\t    <a href=\"https:\/\/www.instagram.com\/inktenza.studio\/\" aria-label=\"Instagram\" target=\"_blank\" rel=\"noopener\"><br \/>\n                                                                                                            <\/a>\n                    <\/li>\n<li>\n\t\t\t\t\t    <a href=\"https:\/\/wa.me\/34620900812\" aria-label=\"Whatsapp\" target=\"_blank\" rel=\"noopener\"><br \/>\n                                                                                                            <\/a>\n                    <\/li>\n<\/ul>\n<p>-INKTENZASTUDIO-<\/p>\n<h1>Joyer\u00eda Piercing Barcelona<\/h1>\n<h2>Joyer\u00eda Piercing Barcelona<\/h2>\n<p>\u00bfBuscas algo m\u00e1s que un simple accesorio? \u00bfTe atreves a expresar tu personalidad con un piercing de calidad? En Inktenza Studio, te ofrecemos un servicio excepcional de joyer\u00eda piercing en Barcelona.<br \/>Contamos con un equipo de profesionales altamente cualificados y apasionados por el arte del piercing para garantizar tu seguridad y comodidad en todo momento.<\/p>\n<h3>Experiencia y profesionalidad<\/h3>\n<p>Nuestro equipo cuenta con a\u00f1os de experiencia y est\u00e1 formado por verdaderos apasionados del piercing.<\/p>\n<p>Nos destacamos por una amplia variedad de estilos de piercing para elegir, dise\u00f1os cl\u00e1sicos y sutiles para que pasen desapercibidos o dise\u00f1os modernos para llevarse todas las miradas.<\/p>\n<p>Adem\u00e1s, te asesoramos personalmente para ayudarte a encontrar el piercing que m\u00e1s se adapte a tu personalidad y gusto.<\/p>\n<h3>Joyer\u00eda de alta calidad, higiene y seguridad<\/h3>\n<p>Seleccionamos las mejores joyas de piercing, fabricadas con materiales biocompatibles y de alta calidad.<\/p>\n<p>Nos tomamos muy en serio la higiene y la seguridad, siguiendo estrictos protocolos para garantizar una experiencia segura y confortable.<\/p>\n<h3>Atenci\u00f3n personalizada<\/h3>\n<p>Somos la elecci\u00f3n favorita de nuestros clientes por el trato personalizado y cercano que les ofrecemos, asesorando en todo momento hasta encontrar la pieza de piercing perfecta.<\/p>\n<p><strong>\u00a1No esperes m\u00e1s!<\/strong><\/p>\n<p>Reserva tu cita de joyer\u00eda piercing Barcelona hoy mismo y revela tu verdadera personalidad con Inktenza Studio.<\/p>\n<p>\t\t\t<a href=\"https:\/\/wa.me\/34620900812\" target=\"_blank\" rel=\"noopener\"><br \/>\n\t\t\t\t\t\t\t\t\tContactar<br \/>\n\t\t\t\t\t<\/a><\/p>\n<p>Inktenza Studio<\/p>\n<h2>Especialistas en Joyer\u00eda Piercing Barcelona <\/h2>\n<p>Somos tu destino confiable para la joyer\u00eda piercing Barcelona. Contamos con expertos altamente capacitados en tecnolog\u00eda l\u00e1ser avanzada con la que podemos garantizarte resultados efectivos fuera de riesgos.<br \/>Brindamos una atenci\u00f3n individual pensada para abordar tus exigencias, priorizando tu satisfacci\u00f3n y comodidad en todo momento.<\/p>\n<p>\t\t\t\t\t\t\t\t\t\t\t\t\t<img decoding=\"async\" src=\"http:\/\/www.inktenzastudio.com\/wp-content\/uploads\/elementor\/thumbs\/SERGI-ANILLADOR-scaled-qiqh1mzisete6zwnygzolc0ffhx0kd9xqfxjd3f72g.jpg\" title=\"SERGI, ANILLADOR\" alt=\"Segi Anillador\" loading=\"lazy\" \/>\t\t\t\t\t\t\t\t\t\t\t\t\t<\/p>\n<h3>Formulario de contacto<\/h3>\n<div class=\"wpforms-container wpforms-container-full wpforms-render-modern\" id=\"wpforms-2553\"><form id=\"wpforms-form-2553\" class=\"wpforms-validate wpforms-form wpforms-ajax-form\" data-formid=\"2553\" method=\"post\" enctype=\"multipart\/form-data\" action=\"\/en\/wp-json\/wp\/v2\/pages\/2316\" data-token=\"3c9a88734506a194c00530b24270dcbf\" data-token-time=\"1777529572\"><noscript class=\"wpforms-error-noscript\">Please enable JavaScript in your browser to complete this form.<\/noscript><div class=\"wpforms-hidden\" id=\"wpforms-error-noscript\">Please enable JavaScript in your browser to complete this form.<\/div><div class=\"wpforms-field-container\"><div id=\"wpforms-2553-field_0-container\" class=\"wpforms-field wpforms-field-name\" data-field-id=\"0\"><label class=\"wpforms-field-label\" for=\"wpforms-2553-field_0\">\u00bfC\u00f3mo te llamas? <span class=\"wpforms-required-label\" aria-hidden=\"true\">*<\/span><\/label><input type=\"text\" id=\"wpforms-2553-field_0\" class=\"wpforms-field-medium wpforms-field-required\" name=\"wpforms[fields][0]\" aria-errormessage=\"wpforms-2553-field_0-error\" required><\/div><div id=\"wpforms-2553-field_3-container\" class=\"wpforms-field wpforms-field-phone\" data-field-id=\"3\"><label class=\"wpforms-field-label\" for=\"wpforms-2553-field_3\">\u00bfCu\u00e1l es tu n\u00famero de contacto? <span class=\"wpforms-required-label\" aria-hidden=\"true\">*<\/span><\/label><input type=\"tel\" id=\"wpforms-2553-field_3\" class=\"wpforms-field-medium wpforms-field-required wpforms-smart-phone-field\" data-rule-smart-phone-field=\"true\" name=\"wpforms[fields][3]\" aria-label=\"\u00bfCu\u00e1l es tu n\u00famero de contacto?\" aria-errormessage=\"wpforms-2553-field_3-error\" required><\/div><div id=\"wpforms-2553-field_1-container\" class=\"wpforms-field wpforms-field-email\" data-field-id=\"1\"><label class=\"wpforms-field-label\" for=\"wpforms-2553-field_1\">\u00bfCu\u00e1l es tu correo electr\u00f3nico? <span class=\"wpforms-required-label\" aria-hidden=\"true\">*<\/span><\/label><input type=\"email\" id=\"wpforms-2553-field_1\" class=\"wpforms-field-medium wpforms-field-required\" name=\"wpforms[fields][1]\" spellcheck=\"false\" aria-errormessage=\"wpforms-2553-field_1-error\" required><\/div><div id=\"wpforms-2553-field_2-container\" class=\"wpforms-field wpforms-field-textarea\" data-field-id=\"2\"><label class=\"wpforms-field-label\" for=\"wpforms-2553-field_2\">Escribe tu mensaje en esta casilla <span class=\"wpforms-required-label\" aria-hidden=\"true\">*<\/span><\/label><textarea id=\"wpforms-2553-field_2\" class=\"wpforms-field-medium wpforms-field-required\" name=\"wpforms[fields][2]\" aria-errormessage=\"wpforms-2553-field_2-error\" required><\/textarea><\/div><\/div><!-- .wpforms-field-container --><div class=\"wpforms-submit-container\" ><input type=\"hidden\" name=\"wpforms[id]\" value=\"2553\"><input type=\"hidden\" name=\"page_title\" value=\"\"><input type=\"hidden\" name=\"page_url\" value=\"https:\/\/www.inktenzastudio.com\/en\/wp-json\/wp\/v2\/pages\/2316\"><button type=\"submit\" name=\"wpforms[submit]\" id=\"wpforms-submit-2553\" class=\"wpforms-submit\" data-alt-text=\"Enviando...\" data-submit-text=\"Enviar\" aria-live=\"assertive\" value=\"wpforms-submit\">Enviar<\/button><img decoding=\"async\" src=\"https:\/\/www.inktenzastudio.com\/wp-content\/plugins\/wpforms\/assets\/images\/submit-spin.svg\" class=\"wpforms-submit-spinner\" style=\"display: none;\" width=\"26\" height=\"26\" alt=\"Loading\"><\/div><\/form><\/div>  <!-- .wpforms-container -->\n<h3>\u00bfD\u00f3nde puedes encontrarnos?<\/h3>\n<p>Te esperamos en Carrer d&#8217;Enten\u00e7a, 47, Local, Eixample, 08015 Barcelona.<\/p>\n<p>Nuestra ubicaci\u00f3n es estrat\u00e9gica y de f\u00e1cil acceso, lo que te facilita la visita a nuestro estudio para tu consulta y tratamiento de micropigmentaci\u00f3n capilar.<\/p>\n<p>\t\t\t<iframe loading=\"lazy\"\n\t\t\t\t\tsrc=\"https:\/\/maps.google.com\/maps?q=Carrer%20d%27Enten%C3%A7a%2C%2047%2C%20distrito%20de%20Eixample%2C%20Barcelona%2C%2008015&#038;t=m&#038;z=14&#038;output=embed&#038;iwloc=near\"\n\t\t\t\t\ttitle=\"Carrer d&#039;Enten\u00e7a, 47, distrito de Eixample, Barcelona, 08015\"\n\t\t\t\t\taria-label=\"Carrer d&#039;Enten\u00e7a, 47, distrito de Eixample, Barcelona, 08015\"\n\t\t\t><\/iframe><\/p>\n<p>F.A.Q<\/p>\n<p>\u00bfTienes dudas sobre el proceso de eliminaci\u00f3n de tatuajes en Barcelona? A continuaci\u00f3n, responderemos las dudas m\u00e1s frecuentes de nuestros clientes<\/p>\n<p>\t\t\t\t\t\t\t\t\t\t\t\t\t\t\t<svg viewBox=\"0 0 192 512\" xmlns=\"http:\/\/www.w3.org\/2000\/svg\"><path d=\"M0 384.662V127.338c0-17.818 21.543-26.741 34.142-14.142l128.662 128.662c7.81 7.81 7.81 20.474 0 28.284L34.142 398.804C21.543 411.404 0 402.48 0 384.662z\"><\/path><\/svg><br \/>\n\t\t\t\t\t\t\t\t<svg viewBox=\"0 0 320 512\" xmlns=\"http:\/\/www.w3.org\/2000\/svg\"><path d=\"M288.662 352H31.338c-17.818 0-26.741-21.543-14.142-34.142l128.662-128.662c7.81-7.81 20.474-7.81 28.284 0l128.662 128.662c12.6 12.599 3.676 34.142-14.142 34.142z\"><\/path><\/svg><br \/>\n\t\t\t\t\t\t\t\t\t\t\t\t<a tabindex=\"0\">\u00bfQu\u00e9 tipo de materiales utilizan en sus joyas para piercings?<\/a><\/p>\n<p>Utilizamos materiales de alta calidad como titanio, acero quir\u00fargico, oro de 14k y biopl\u00e1stico, todos hipoalerg\u00e9nicos y seguros para la piel.<\/p>\n<p>\t\t\t\t\t\t\t\t\t\t\t\t\t\t\t<svg viewBox=\"0 0 192 512\" xmlns=\"http:\/\/www.w3.org\/2000\/svg\"><path d=\"M0 384.662V127.338c0-17.818 21.543-26.741 34.142-14.142l128.662 128.662c7.81 7.81 7.81 20.474 0 28.284L34.142 398.804C21.543 411.404 0 402.48 0 384.662z\"><\/path><\/svg><br \/>\n\t\t\t\t\t\t\t\t<svg viewBox=\"0 0 320 512\" xmlns=\"http:\/\/www.w3.org\/2000\/svg\"><path d=\"M288.662 352H31.338c-17.818 0-26.741-21.543-14.142-34.142l128.662-128.662c7.81-7.81 20.474-7.81 28.284 0l128.662 128.662c12.6 12.599 3.676 34.142-14.142 34.142z\"><\/path><\/svg><br \/>\n\t\t\t\t\t\t\t\t\t\t\t\t<a tabindex=\"0\">\u00bfCu\u00e1nto tiempo debo esperar antes de cambiar la joya?<\/a><\/p>\n<p>Recomendamos esperar de 6 a 8 semanas o hasta que el piercing est\u00e9 completamente cicatrizado antes de cambiar la joya inicial.<\/p>\n<p>\t\t\t\t\t\t\t\t\t\t\t\t\t\t\t<svg viewBox=\"0 0 192 512\" xmlns=\"http:\/\/www.w3.org\/2000\/svg\"><path d=\"M0 384.662V127.338c0-17.818 21.543-26.741 34.142-14.142l128.662 128.662c7.81 7.81 7.81 20.474 0 28.284L34.142 398.804C21.543 411.404 0 402.48 0 384.662z\"><\/path><\/svg><br \/>\n\t\t\t\t\t\t\t\t<svg viewBox=\"0 0 320 512\" xmlns=\"http:\/\/www.w3.org\/2000\/svg\"><path d=\"M288.662 352H31.338c-17.818 0-26.741-21.543-14.142-34.142l128.662-128.662c7.81-7.81 20.474-7.81 28.284 0l128.662 128.662c12.6 12.599 3.676 34.142-14.142 34.142z\"><\/path><\/svg><br \/>\n\t\t\t\t\t\t\t\t\t\t\t\t<a tabindex=\"0\">\u00bfQu\u00e9 cuidados debo seguir despu\u00e9s de colocarme un piercing?<\/a><\/p>\n<p>Te proporcionamos instrucciones detalladas de cuidado, incluyendo limpiar el piercing dos veces al d\u00eda con soluci\u00f3n salina y evitar tocarlo con las manos sucias.<\/p>\n<p>\t\t\t\t\t\t\t\t\t\t\t\t\t\t\t<svg viewBox=\"0 0 192 512\" xmlns=\"http:\/\/www.w3.org\/2000\/svg\"><path d=\"M0 384.662V127.338c0-17.818 21.543-26.741 34.142-14.142l128.662 128.662c7.81 7.81 7.81 20.474 0 28.284L34.142 398.804C21.543 411.404 0 402.48 0 384.662z\"><\/path><\/svg><br \/>\n\t\t\t\t\t\t\t\t<svg viewBox=\"0 0 320 512\" xmlns=\"http:\/\/www.w3.org\/2000\/svg\"><path d=\"M288.662 352H31.338c-17.818 0-26.741-21.543-14.142-34.142l128.662-128.662c7.81-7.81 20.474-7.81 28.284 0l128.662 128.662c12.6 12.599 3.676 34.142-14.142 34.142z\"><\/path><\/svg><br \/>\n\t\t\t\t\t\t\t\t\t\t\t\t<a tabindex=\"0\">\u00bfQu\u00e9 debo hacer si mi piercing muestra signos de infecci\u00f3n?<\/a><\/p>\n<p>Si notas signos de infecci\u00f3n, te aconsejamos limpiar el \u00e1rea con soluci\u00f3n salina, no quitar la joya, y visitar nuestra tienda para una consulta profesional o contactar a un m\u00e9dico.<\/p>\n<p>\t\t\t<a href=\"https:\/\/wa.me\/34620900812\" target=\"_blank\" rel=\"noopener\"><br \/>\n\t\t\t\t\t\t\t\t\tPreguntar<br \/>\n\t\t\t\t\t<\/a><br \/>\n\t\t\t\t\t\t\t\t\t\t\t\t\t\t<a href=\"https:\/\/www.inktenzastudio.com\/\"><br \/>\n\t\t\t\t\t\t\t<img decoding=\"async\" src=\"http:\/\/www.inktenzastudio.com\/wp-content\/uploads\/elementor\/thumbs\/Diseno-sin-titulo-18-qip3ghtv01bq4cdbhmzssj5bivx2r74ppiw6i1lhzw.png\" title=\"Dise\u00f1o sin t\u00edtulo (18)\" alt=\"Dise\u00f1o sin t\u00edtulo (18)\" loading=\"lazy\" \/>\t\t\t\t\t\t\t\t<\/a><\/p>\n<p>Inktenzastudio<\/p>\n<p><b style=\"letter-spacing: 1.4px;\">Estudio Tatuajes en Barcelona<\/b><\/p>\n<p>\t\t\t\t\t<a href=\"https:\/\/www.facebook.com\/profile.php?id=100091976832058\" target=\"_blank\" rel=\"noopener\"><br \/>\n\t\t\t\t\t\tFacebook-f<br \/>\n\t\t\t\t\t\t<svg viewBox=\"0 0 320 512\" xmlns=\"http:\/\/www.w3.org\/2000\/svg\"><path d=\"M279.14 288l14.22-92.66h-88.91v-60.13c0-25.35 12.42-50.06 52.24-50.06h40.42V6.26S260.43 0 225.36 0c-73.22 0-121.08 44.38-121.08 124.72v70.62H22.89V288h81.39v224h100.17V288z\"><\/path><\/svg>\t\t\t\t\t<\/a><br \/>\n\t\t\t\t\t<a href=\"https:\/\/www.instagram.com\/inktenza.studio\/\" target=\"_blank\" rel=\"noopener\"><br \/>\n\t\t\t\t\t\tInstagram<br \/>\n\t\t\t\t\t\t<svg viewBox=\"0 0 448 512\" xmlns=\"http:\/\/www.w3.org\/2000\/svg\"><path d=\"M224.1 141c-63.6 0-114.9 51.3-114.9 114.9s51.3 114.9 114.9 114.9S339 319.5 339 255.9 287.7 141 224.1 141zm0 189.6c-41.1 0-74.7-33.5-74.7-74.7s33.5-74.7 74.7-74.7 74.7 33.5 74.7 74.7-33.6 74.7-74.7 74.7zm146.4-194.3c0 14.9-12 26.8-26.8 26.8-14.9 0-26.8-12-26.8-26.8s12-26.8 26.8-26.8 26.8 12 26.8 26.8zm76.1 27.2c-1.7-35.9-9.9-67.7-36.2-93.9-26.2-26.2-58-34.4-93.9-36.2-37-2.1-147.9-2.1-184.9 0-35.8 1.7-67.6 9.9-93.9 36.1s-34.4 58-36.2 93.9c-2.1 37-2.1 147.9 0 184.9 1.7 35.9 9.9 67.7 36.2 93.9s58 34.4 93.9 36.2c37 2.1 147.9 2.1 184.9 0 35.9-1.7 67.7-9.9 93.9-36.2 26.2-26.2 34.4-58 36.2-93.9 2.1-37 2.1-147.8 0-184.8zM398.8 388c-7.8 19.6-22.9 34.7-42.6 42.6-29.5 11.7-99.5 9-132.1 9s-102.7 2.6-132.1-9c-19.6-7.8-34.7-22.9-42.6-42.6-11.7-29.5-9-99.5-9-132.1s-2.6-102.7 9-132.1c7.8-19.6 22.9-34.7 42.6-42.6 29.5-11.7 99.5-9 132.1-9s102.7-2.6 132.1 9c19.6 7.8 34.7 22.9 42.6 42.6 11.7 29.5 9 99.5 9 132.1s2.7 102.7-9 132.1z\"><\/path><\/svg>\t\t\t\t\t<\/a><\/p>\n<p>informaci\u00f3n<\/p>\n<ul>\n<li>\n\t\t\t\t\t\t\t\t\t\t\t<a href=\"https:\/\/g.co\/kgs\/QG73za6\" target=\"_blank\" rel=\"nofollow noopener\"><br \/>\n\t\t\t\t\t\t\t<svg aria-hidden=\"true\" viewBox=\"0 0 384 512\" xmlns=\"http:\/\/www.w3.org\/2000\/svg\"><path d=\"M172.268 501.67C26.97 291.031 0 269.413 0 192 0 85.961 85.961 0 192 0s192 85.961 192 192c0 77.413-26.97 99.031-172.268 309.67-9.535 13.774-29.93 13.773-39.464 0zM192 272c44.183 0 80-35.817 80-80s-35.817-80-80-80-80 35.817-80 80 35.817 80 80 80z\"><\/path><\/svg><br \/>\n\t\t\t\t\t\t\t\t\t\t<br \/>Carrer d&#8217;Enten\u00e7a, 47, Local, Eixample, 08015 Barcelona.<br \/>\n\t\t\t\t\t\t\t\t\t\t\t<\/a>\n\t\t\t\t\t\t\t\t\t<\/li>\n<li>\n\t\t\t\t\t\t\t\t\t\t\t<a href=\"tel:+34%20932%2065%2072%2042\" target=\"_blank\" rel=\"nofollow noopener\"><br \/>\n\t\t\t\t\t\t\t<svg aria-hidden=\"true\" viewBox=\"0 0 512 512\" xmlns=\"http:\/\/www.w3.org\/2000\/svg\"><path d=\"M497.39 361.8l-112-48a24 24 0 0 0-28 6.9l-49.6 60.6A370.66 370.66 0 0 1 130.6 204.11l60.6-49.6a23.94 23.94 0 0 0 6.9-28l-48-112A24.16 24.16 0 0 0 122.6.61l-104 24A24 24 0 0 0 0 48c0 256.5 207.9 464 464 464a24 24 0 0 0 23.4-18.6l24-104a24.29 24.29 0 0 0-14.01-27.6z\"><\/path><\/svg><br \/>\n\t\t\t\t\t\t\t\t\t\t+34 932 65 72 42<br \/>\n\t\t\t\t\t\t\t\t\t\t\t<\/a>\n\t\t\t\t\t\t\t\t\t<\/li>\n<li>\n\t\t\t\t\t\t\t\t\t\t\t<a href=\"https:\/\/wa.me\/34620900812\" target=\"_blank\" rel=\"nofollow noopener\"><br \/>\n\t\t\t\t\t\t\t\t\t\t+34 620 90 08 12<br \/>\n\t\t\t\t\t\t\t\t\t\t\t<\/a>\n\t\t\t\t\t\t\t\t\t<\/li>\n<li>\n\t\t\t\t\t\t\t\t\t\t\t<a href=\"mailto:info@inktenzastudio.com\"><br \/>\n\t\t\t\t\t\t\t<svg aria-hidden=\"true\" viewBox=\"0 0 512 512\" xmlns=\"http:\/\/www.w3.org\/2000\/svg\"><path d=\"M512 464c0 26.51-21.49 48-48 48H48c-26.51 0-48-21.49-48-48V200.724a48 48 0 0 1 18.387-37.776c24.913-19.529 45.501-35.365 164.2-121.511C199.412 29.17 232.797-.347 256 .003c23.198-.354 56.596 29.172 73.413 41.433 118.687 86.137 139.303 101.995 164.2 121.512A48 48 0 0 1 512 200.724V464zm-65.666-196.605c-2.563-3.728-7.7-4.595-11.339-1.907-22.845 16.873-55.462 40.705-105.582 77.079-16.825 12.266-50.21 41.781-73.413 41.43-23.211.344-56.559-29.143-73.413-41.43-50.114-36.37-82.734-60.204-105.582-77.079-3.639-2.688-8.776-1.821-11.339 1.907l-9.072 13.196a7.998 7.998 0 0 0 1.839 10.967c22.887 16.899 55.454 40.69 105.303 76.868 20.274 14.781 56.524 47.813 92.264 47.573 35.724.242 71.961-32.771 92.263-47.573 49.85-36.179 82.418-59.97 105.303-76.868a7.998 7.998 0 0 0 1.839-10.967l-9.071-13.196z\"><\/path><\/svg><br \/>\n\t\t\t\t\t\t\t\t\t\tinfo@inktenzastudio.com<br \/>\n\t\t\t\t\t\t\t\t\t\t\t<\/a>\n\t\t\t\t\t\t\t\t\t<\/li>\n<\/ul>\n<p>Enlaces<\/p>\n<ul>\n<li>\n\t\t\t\t\t\t\t\t\t\t\t<a href=\"https:\/\/www.inktenzastudio.com\/servicios\/\"><br \/>\n\t\t\t\t\t\t\t\t\t\t\tServicios<br \/>\n\t\t\t\t\t\t\t\t\t\t\t<\/a>\n\t\t\t\t\t\t\t\t\t<\/li>\n<li>\n\t\t\t\t\t\t\t\t\t\t\t<a href=\"https:\/\/www.inktenzastudio.com\/sobre-nosotros\/\"><br \/>\n\t\t\t\t\t\t\t\t\t\t\tSobre nosotros<br \/>\n\t\t\t\t\t\t\t\t\t\t\t<\/a>\n\t\t\t\t\t\t\t\t\t<\/li>\n<li>\n\t\t\t\t\t\t\t\t\t\t\t<a href=\"https:\/\/www.inktenzastudio.com\/proyecto\/\"><br \/>\n\t\t\t\t\t\t\t\t\t\t\tProyectos<br \/>\n\t\t\t\t\t\t\t\t\t\t\t<\/a>\n\t\t\t\t\t\t\t\t\t<\/li>\n<li>\n\t\t\t\t\t\t\t\t\t\t\t<a href=\"https:\/\/www.inktenzastudio.com\/blog\/\"><br \/>\n\t\t\t\t\t\t\t\t\t\t\tBlog<br \/>\n\t\t\t\t\t\t\t\t\t\t\t<\/a>\n\t\t\t\t\t\t\t\t\t<\/li>\n<li>\n\t\t\t\t\t\t\t\t\t\t\t<a href=\"https:\/\/www.inktenzastudio.com\/contacto\/\"><br \/>\n\t\t\t\t\t\t\t\t\t\t\tContacto<br \/>\n\t\t\t\t\t\t\t\t\t\t\t<\/a>\n\t\t\t\t\t\t\t\t\t<\/li>\n<\/ul>\n<p>Empresa<\/p>\n<ul>\n<li>\n\t\t\t\t\t\t\t\t\t\t\t<a href=\"https:\/\/www.inktenzastudio.com\/politicadeprivacidad\/\"><br \/>\n\t\t\t\t\t\t\t\t\t\t\tPol\u00edticas<br \/>\n\t\t\t\t\t\t\t\t\t\t\t<\/a>\n\t\t\t\t\t\t\t\t\t<\/li>\n<li>\n\t\t\t\t\t\t\t\t\t\t\t<a href=\"https:\/\/www.inktenzastudio.com\/avisolegal\/\"><br \/>\n\t\t\t\t\t\t\t\t\t\t\tAviso Legal<br \/>\n\t\t\t\t\t\t\t\t\t\t\t<\/a>\n\t\t\t\t\t\t\t\t\t<\/li>\n<li>\n\t\t\t\t\t\t\t\t\t\t\t<a href=\"https:\/\/www.inktenzastudio.com\/politicadecookies\/\"><br \/>\n\t\t\t\t\t\t\t\t\t\t\tCookies<br \/>\n\t\t\t\t\t\t\t\t\t\t\t<\/a>\n\t\t\t\t\t\t\t\t\t<\/li>\n<\/ul>\n","protected":false},"excerpt":{"rendered":"<p>Inicio Servicios Micropigmentaci\u00f3n capilar Joyer\u00eda piercing Tatuajes Madre e Hija Tatuajes en Pareja Estilos Minimalista Acuarela Anime Cover Fine line Surrealismo a color Surrealismo Black &#038; Grey Ornamental Realismo Black &#038; Grey Dise\u00f1os Piernas Brazos Manos Trabaja con Nosotros Blog Contacto X -INKTENZASTUDIO- Joyer\u00eda Piercing Barcelona Joyer\u00eda Piercing Barcelona \u00bfBuscas algo m\u00e1s que un simple [&hellip;]<\/p>\n","protected":false},"author":1,"featured_media":0,"parent":0,"menu_order":0,"comment_status":"closed","ping_status":"closed","template":"elementor_canvas","meta":{"footnotes":""},"class_list":["post-2316","page","type-page","status-publish","hentry"],"_links":{"self":[{"href":"https:\/\/www.inktenzastudio.com\/en\/wp-json\/wp\/v2\/pages\/2316","targetHints":{"allow":["GET"]}}],"collection":[{"href":"https:\/\/www.inktenzastudio.com\/en\/wp-json\/wp\/v2\/pages"}],"about":[{"href":"https:\/\/www.inktenzastudio.com\/en\/wp-json\/wp\/v2\/types\/page"}],"author":[{"embeddable":true,"href":"https:\/\/www.inktenzastudio.com\/en\/wp-json\/wp\/v2\/users\/1"}],"replies":[{"embeddable":true,"href":"https:\/\/www.inktenzastudio.com\/en\/wp-json\/wp\/v2\/comments?post=2316"}],"version-history":[{"count":52,"href":"https:\/\/www.inktenzastudio.com\/en\/wp-json\/wp\/v2\/pages\/2316\/revisions"}],"predecessor-version":[{"id":3202,"href":"https:\/\/www.inktenzastudio.com\/en\/wp-json\/wp\/v2\/pages\/2316\/revisions\/3202"}],"wp:attachment":[{"href":"https:\/\/www.inktenzastudio.com\/en\/wp-json\/wp\/v2\/media?parent=2316"}],"curies":[{"name":"wp","href":"https:\/\/api.w.org\/{rel}","templated":true}]}}