{"id":1194,"date":"2024-01-25T17:54:24","date_gmt":"2024-01-25T17:54:24","guid":{"rendered":"https:\/\/www.inktenzastudio.com\/?page_id=1194"},"modified":"2024-10-11T13:05:11","modified_gmt":"2024-10-11T13:05:11","slug":"politicadeprivacidad","status":"publish","type":"page","link":"https:\/\/www.inktenzastudio.com\/en\/politicadeprivacidad\/","title":{"rendered":"Politica de Privacidad"},"content":{"rendered":"\t\t<div data-elementor-type=\"wp-page\" data-elementor-id=\"1194\" class=\"elementor elementor-1194\" data-elementor-post-type=\"page\">\n\t\t\t\t\t\t<section class=\"elementor-section elementor-top-section elementor-element elementor-element-252c3ff1 elementor-section-height-min-height elementor-section-boxed elementor-section-height-default elementor-section-items-middle\" data-id=\"252c3ff1\" data-element_type=\"section\" data-e-type=\"section\" data-settings=\"{&quot;background_background&quot;:&quot;classic&quot;,&quot;shape_divider_bottom&quot;:&quot;arrow&quot;}\">\n\t\t\t\t\t\t\t<div class=\"elementor-background-overlay\"><\/div>\n\t\t\t\t\t\t<div class=\"elementor-shape elementor-shape-bottom\" aria-hidden=\"true\" data-negative=\"false\">\n\t\t\t<svg xmlns=\"http:\/\/www.w3.org\/2000\/svg\" viewBox=\"0 0 700 10\" preserveAspectRatio=\"none\">\n\t<path class=\"elementor-shape-fill\" d=\"M350,10L340,0h20L350,10z\"\/>\n<\/svg>\t\t<\/div>\n\t\t\t\t\t<div class=\"elementor-container elementor-column-gap-no\">\n\t\t\t\t\t<div class=\"elementor-column elementor-col-100 elementor-top-column elementor-element elementor-element-354144a6\" data-id=\"354144a6\" data-element_type=\"column\" data-e-type=\"column\" data-settings=\"{&quot;background_background&quot;:&quot;classic&quot;}\">\n\t\t\t<div class=\"elementor-widget-wrap elementor-element-populated\">\n\t\t\t\t\t\t<div class=\"elementor-element elementor-element-52ca181b elementor-widget elementor-widget-heading\" data-id=\"52ca181b\" data-element_type=\"widget\" data-e-type=\"widget\" data-widget_type=\"heading.default\">\n\t\t\t\t<div class=\"elementor-widget-container\">\n\t\t\t\t\t<h4 class=\"elementor-heading-title elementor-size-default\">- INKETENZSTUDIO -<\/h4>\t\t\t\t<\/div>\n\t\t\t\t<\/div>\n\t\t\t\t<div class=\"elementor-element elementor-element-459c1c45 elementor-widget elementor-widget-heading\" data-id=\"459c1c45\" data-element_type=\"widget\" data-e-type=\"widget\" data-widget_type=\"heading.default\">\n\t\t\t\t<div class=\"elementor-widget-container\">\n\t\t\t\t\t<h1 class=\"elementor-heading-title elementor-size-default\">Politica de Privacidad<\/h1>\t\t\t\t<\/div>\n\t\t\t\t<\/div>\n\t\t\t\t<section class=\"elementor-section elementor-inner-section elementor-element elementor-element-14b74922 elementor-section-boxed elementor-section-height-default elementor-section-height-default\" data-id=\"14b74922\" data-element_type=\"section\" data-e-type=\"section\">\n\t\t\t\t\t\t<div class=\"elementor-container elementor-column-gap-default\">\n\t\t\t\t\t<div class=\"elementor-column elementor-col-100 elementor-inner-column elementor-element elementor-element-18131b44\" data-id=\"18131b44\" data-element_type=\"column\" data-e-type=\"column\">\n\t\t\t<div class=\"elementor-widget-wrap elementor-element-populated\">\n\t\t\t\t\t\t<div class=\"elementor-element elementor-element-599d2da6 elementor-widget__width-auto elementor-widget elementor-widget-heading\" data-id=\"599d2da6\" data-element_type=\"widget\" data-e-type=\"widget\" data-widget_type=\"heading.default\">\n\t\t\t\t<div class=\"elementor-widget-container\">\n\t\t\t\t\t<h4 class=\"elementor-heading-title elementor-size-default\">SI QUIERES <\/h4>\t\t\t\t<\/div>\n\t\t\t\t<\/div>\n\t\t\t\t<div class=\"elementor-element elementor-element-7e9077a7 elementor-widget__width-auto elementor-widget elementor-widget-heading\" data-id=\"7e9077a7\" data-element_type=\"widget\" data-e-type=\"widget\" data-widget_type=\"heading.default\">\n\t\t\t\t<div class=\"elementor-widget-container\">\n\t\t\t\t\t<h4 class=\"elementor-heading-title elementor-size-default\">cONSULTA<\/h4>\t\t\t\t<\/div>\n\t\t\t\t<\/div>\n\t\t\t\t\t<\/div>\n\t\t<\/div>\n\t\t\t\t\t<\/div>\n\t\t<\/section>\n\t\t\t\t\t<\/div>\n\t\t<\/div>\n\t\t\t\t\t<\/div>\n\t\t<\/section>\n\t\t<div class=\"elementor-element elementor-element-10c39be2 e-flex e-con-boxed e-con e-parent\" data-id=\"10c39be2\" data-element_type=\"container\" data-e-type=\"container\">\n\t\t\t\t\t<div class=\"e-con-inner\">\n\t\t\t\t<div class=\"elementor-element elementor-element-44b70297 elementor-widget elementor-widget-spacer\" data-id=\"44b70297\" data-element_type=\"widget\" data-e-type=\"widget\" data-widget_type=\"spacer.default\">\n\t\t\t\t<div class=\"elementor-widget-container\">\n\t\t\t\t\t\t\t<div class=\"elementor-spacer\">\n\t\t\t<div class=\"elementor-spacer-inner\"><\/div>\n\t\t<\/div>\n\t\t\t\t\t\t<\/div>\n\t\t\t\t<\/div>\n\t\t\t\t\t<\/div>\n\t\t\t\t<\/div>\n\t\t<div class=\"elementor-element elementor-element-867acfb e-flex e-con-boxed e-con e-parent\" data-id=\"867acfb\" data-element_type=\"container\" data-e-type=\"container\">\n\t\t\t\t\t<div class=\"e-con-inner\">\n\t\t\t\t<div class=\"elementor-element elementor-element-c75b3f8 elementor-widget elementor-widget-text-editor\" data-id=\"c75b3f8\" data-element_type=\"widget\" data-e-type=\"widget\" data-widget_type=\"text-editor.default\">\n\t\t\t\t<div class=\"elementor-widget-container\">\n\t\t\t\t\t\t\t\t\t<div class=\"p-pdf_iframe__page\" aria-label=\"Page 1\" data-page-number=\"1\"><div class=\"textLayer\"><strong><span dir=\"ltr\" role=\"presentation\">Pol\u00edtica<\/span> <span dir=\"ltr\" role=\"presentation\">de<\/span> <span dir=\"ltr\" role=\"presentation\">privacidad<\/span><\/strong><\/div><div class=\"textLayer\">\u00a0<\/div><\/div><div class=\"p-pdf_iframe__page\" aria-label=\"Page 5\" data-page-number=\"5\"><div class=\"textLayer\"><p data-sourcepos=\"9:1-9:25\"><strong>2.1 Recogida de datos<\/strong><\/p><p data-sourcepos=\"11:1-11:209\">Inktenza Body Art Studio S.L. recoge datos de car\u00e1cter personal de los usuarios a trav\u00e9s de los formularios de contacto y solicitud de cita disponibles en la p\u00e1gina web. Los datos recogidos son los siguientes:<\/p><ul data-sourcepos=\"13:1-18:0\"><li data-sourcepos=\"13:1-13:20\">Nombre y apellidos<\/li><li data-sourcepos=\"14:1-14:33\">Direcci\u00f3n de correo electr\u00f3nico<\/li><li data-sourcepos=\"15:1-15:31\">N\u00famero de tel\u00e9fono (opcional)<\/li><li data-sourcepos=\"16:1-16:33\">Fecha y hora de la cita deseada<\/li><li data-sourcepos=\"17:1-18:0\">Tipo de tatuaje deseado (opcional)<\/li><\/ul><p data-sourcepos=\"19:1-19:258\">Los datos de car\u00e1cter personal proporcionados por los usuarios ser\u00e1n tratados con la finalidad de gestionar las solicitudes de cita y de prestar el servicio de tatuaje. Los datos no ser\u00e1n cedidos a terceros sin el consentimiento previo y expreso del usuario.<\/p><p data-sourcepos=\"21:1-21:30\"><strong>2.2 Seguridad de los datos<\/strong><\/p><p data-sourcepos=\"23:1-23:906\">Inktenza Body Art Studio S.L. ha adoptado las medidas de seguridad necesarias para proteger los datos de car\u00e1cter personal de los usuarios, de acuerdo con lo establecido en la Ley Org\u00e1nica 3\/2018, de 27 de diciembre, de <span class=\"citation-2\">Protecci\u00f3n de Datos Personales y garant\u00eda de los derechos digitales y el <\/span><span class=\"citation-2 citation-3 citation-end-2\">Reglamento (UE) 2016\/679 del Parlamento Europeo y del Consejo, de 27 de abril de<\/span><span class=\"citation-3 citation-end-3\"> 2016, relativo a la protecci\u00f3n de las personas f\u00edsicas en lo que respecta al tratamiento de datos personales y a la libre circulaci\u00f3n de estos datos y por el que se deroga la Directiva 95\/46\/CE (Reglamento General de Protecci\u00f3n de Datos).<\/span> A pesar de ello, los usuarios deben ser conscientes de que las medidas de seguridad en Internet no son inexpugnables, por lo que recomiendan que adopten medidas adicionales para proteger sus datos, como utilizar contrase\u00f1as seguras y evitar compartirlas con terceros.<\/p><p data-sourcepos=\"25:1-25:32\"><strong>2.3 Derechos de los usuarios<\/strong><\/p><p data-sourcepos=\"27:1-27:91\">Los usuarios tienen los siguientes derechos en relaci\u00f3n con sus datos de car\u00e1cter personal:<\/p><ul data-sourcepos=\"29:1-35:0\"><li data-sourcepos=\"29:1-29:105\">Derecho de acceso: a obtener informaci\u00f3n sobre sus datos de car\u00e1cter personal y c\u00f3mo se est\u00e1n tratando.<\/li><li data-sourcepos=\"30:1-30:128\">Derecho de rectificaci\u00f3n: a solicitar la rectificaci\u00f3n de sus datos de car\u00e1cter personal si son inexactos o est\u00e1n incompletos.<\/li><li data-sourcepos=\"31:1-31:205\">Derecho de supresi\u00f3n: a solicitar la supresi\u00f3n de sus datos de car\u00e1cter personal cuando ya no sean necesarios para los fines para los que fueron recogidos o tratados, o cuando el tratamiento sea il\u00edcito.<\/li><li data-sourcepos=\"32:1-32:142\">Derecho de limitaci\u00f3n del tratamiento: a solicitar que se limite el tratamiento de sus datos de car\u00e1cter personal en determinados supuestos.<\/li><li data-sourcepos=\"33:1-33:125\">Derecho de oposici\u00f3n al tratamiento: a oponerse al tratamiento de sus datos de car\u00e1cter personal en determinados supuestos.<\/li><li data-sourcepos=\"34:1-35:0\">Derecho de portabilidad de los datos: a recibir sus datos de car\u00e1cter personal en <span class=\"citation-4\">un formato estructurado, de uso com\u00fan y lectura mec\u00e1nica, y a transmitirlos a otro responsable del tratamiento.<\/span><\/li><\/ul><p data-sourcepos=\"36:1-36:234\"><span class=\"citation-4 citation-end-4\">Los usuarios<\/span> pueden ejercitar sus derechos dirigi\u00e9ndose a Inktenza Body Art Studio S.L. mediante correo electr\u00f3nico a [direcci\u00f3n de correo electr\u00f3nico eliminada] o por correo postal a la direcci\u00f3n , 08010 Barcelona (Barcelona).<\/p><\/div><\/div>\t\t\t\t\t\t\t\t<\/div>\n\t\t\t\t<\/div>\n\t\t\t\t\t<\/div>\n\t\t\t\t<\/div>\n\t\t\t\t<\/div>\n\t\t","protected":false},"excerpt":{"rendered":"<p>&#8211; INKETENZSTUDIO &#8211; Politica de Privacidad SI QUIERES cONSULTA Pol\u00edtica de privacidad\u00a0 2.1 Recogida de datos Inktenza Body Art Studio S.L. recoge datos de car\u00e1cter personal de los usuarios a trav\u00e9s de los formularios de contacto y solicitud de cita disponibles en la p\u00e1gina web. Los datos recogidos son los siguientes: Nombre y apellidos Direcci\u00f3n [&hellip;]<\/p>\n","protected":false},"author":1,"featured_media":0,"parent":0,"menu_order":0,"comment_status":"closed","ping_status":"closed","template":"elementor_header_footer","meta":{"footnotes":""},"class_list":["post-1194","page","type-page","status-publish","hentry"],"_links":{"self":[{"href":"https:\/\/www.inktenzastudio.com\/en\/wp-json\/wp\/v2\/pages\/1194","targetHints":{"allow":["GET"]}}],"collection":[{"href":"https:\/\/www.inktenzastudio.com\/en\/wp-json\/wp\/v2\/pages"}],"about":[{"href":"https:\/\/www.inktenzastudio.com\/en\/wp-json\/wp\/v2\/types\/page"}],"author":[{"embeddable":true,"href":"https:\/\/www.inktenzastudio.com\/en\/wp-json\/wp\/v2\/users\/1"}],"replies":[{"embeddable":true,"href":"https:\/\/www.inktenzastudio.com\/en\/wp-json\/wp\/v2\/comments?post=1194"}],"version-history":[{"count":10,"href":"https:\/\/www.inktenzastudio.com\/en\/wp-json\/wp\/v2\/pages\/1194\/revisions"}],"predecessor-version":[{"id":3932,"href":"https:\/\/www.inktenzastudio.com\/en\/wp-json\/wp\/v2\/pages\/1194\/revisions\/3932"}],"wp:attachment":[{"href":"https:\/\/www.inktenzastudio.com\/en\/wp-json\/wp\/v2\/media?parent=1194"}],"curies":[{"name":"wp","href":"https:\/\/api.w.org\/{rel}","templated":true}]}}